{"id":207,"date":"2025-09-29T17:49:44","date_gmt":"2025-09-29T17:49:44","guid":{"rendered":"https:\/\/jewels-spirit.com\/?page_id=207"},"modified":"2025-09-29T17:49:44","modified_gmt":"2025-09-29T17:49:44","slug":"mentions-legales","status":"publish","type":"page","link":"https:\/\/jewels-spirit.com\/en\/mentions-legales\/","title":{"rendered":"Mentions L\u00e9gales"},"content":{"rendered":"<p>Raison sociale : Jewels Spirit<\/p>\n\n\n\n<p>E-mail de contact : contact@jewels-spirits.gmail.com<\/p>\n\n\n\n<p>Site internet : www.jewels-spirit.com<\/p>\n\n\n\n<p>Siret : 98528141900012<\/p>\n\n\n\n<p>APE : 3213Z<\/p>\n\n\n\n<p>RCS : 985 281 419 LIMOGES<\/p>\n\n\n\n<p><strong>TVA non applicable selon l&rsquo;article 293B du code g\u00e9n\u00e9ral des imp\u00f4ts<\/strong> <\/p>\n\n\n\n<p>H\u00e9bergeur du site :<br>Le site est h\u00e9berg\u00e9 par <strong>Hostinger International Limited<\/strong>, soci\u00e9t\u00e9 priv\u00e9e \u00e0 responsabilit\u00e9 limit\u00e9e de droit chypriote, dont le si\u00e8ge social est situ\u00e9 au :<br>61 Lordou Vyronos Street, 6023 Larnaca, Chypre.<\/p>\n\n\n\n<p>Pour information, le si\u00e8ge social principal d\u2019Hostinger est :<br>\u0160vitrigailos str. 34, 03230 Vilnius, Lituanie.<\/p>\n\n\n\n<p><\/p>","protected":false},"excerpt":{"rendered":"<p>Raison sociale : Jewels Spirit E-mail de contact : contact@jewels-spirits.gmail.com Site internet : www.jewels-spirit.com Siret : 98528141900012 APE : 3213Z RCS : 985 281 419 LIMOGES TVA non applicable selon&hellip;<\/p>","protected":false},"author":1,"featured_media":0,"parent":0,"menu_order":0,"comment_status":"closed","ping_status":"closed","template":"","meta":{"footnotes":""},"class_list":["post-207","page","type-page","status-publish","hentry"],"_hostinger_reach_plugin_has_subscription_block":false,"_hostinger_reach_plugin_is_elementor":false,"_links":{"self":[{"href":"https:\/\/jewels-spirit.com\/en\/wp-json\/wp\/v2\/pages\/207","targetHints":{"allow":["GET"]}}],"collection":[{"href":"https:\/\/jewels-spirit.com\/en\/wp-json\/wp\/v2\/pages"}],"about":[{"href":"https:\/\/jewels-spirit.com\/en\/wp-json\/wp\/v2\/types\/page"}],"author":[{"embeddable":true,"href":"https:\/\/jewels-spirit.com\/en\/wp-json\/wp\/v2\/users\/1"}],"replies":[{"embeddable":true,"href":"https:\/\/jewels-spirit.com\/en\/wp-json\/wp\/v2\/comments?post=207"}],"version-history":[{"count":1,"href":"https:\/\/jewels-spirit.com\/en\/wp-json\/wp\/v2\/pages\/207\/revisions"}],"predecessor-version":[{"id":208,"href":"https:\/\/jewels-spirit.com\/en\/wp-json\/wp\/v2\/pages\/207\/revisions\/208"}],"wp:attachment":[{"href":"https:\/\/jewels-spirit.com\/en\/wp-json\/wp\/v2\/media?parent=207"}],"curies":[{"name":"wp","href":"https:\/\/api.w.org\/{rel}","templated":true}]}}